{"id":100,"date":"2025-08-04T10:21:12","date_gmt":"2025-08-04T10:21:12","guid":{"rendered":"https:\/\/vytorandradeotorrino.com\/?page_id=100"},"modified":"2026-05-08T17:38:38","modified_gmt":"2026-05-08T17:38:38","slug":"obrigado-home","status":"publish","type":"page","link":"https:\/\/vytorandradeotorrino.com\/home\/obrigado-home\/","title":{"rendered":"Obrigado Home"},"content":{"rendered":"\t\t<div data-elementor-type=\"wp-page\" data-elementor-id=\"100\" class=\"elementor elementor-100\">\n\t\t\t\t<div class=\"elementor-element elementor-element-e0d3b67 e-flex e-con-boxed e-con e-parent\" data-id=\"e0d3b67\" data-element_type=\"container\" data-e-type=\"container\" data-settings=\"{&quot;background_background&quot;:&quot;classic&quot;}\">\n\t\t\t\t\t<div class=\"e-con-inner\">\n\t\t<div class=\"elementor-element elementor-element-149d387 e-grid e-con-boxed e-con e-child\" data-id=\"149d387\" data-element_type=\"container\" data-e-type=\"container\">\n\t\t\t\t\t<div class=\"e-con-inner\">\n\t\t<div class=\"elementor-element elementor-element-66f5ed2 e-con-full e-flex e-con e-child\" data-id=\"66f5ed2\" data-element_type=\"container\" data-e-type=\"container\">\n\t\t\t\t<div class=\"elementor-element elementor-element-cfe5e77 elementor-widget elementor-widget-image\" data-id=\"cfe5e77\" data-element_type=\"widget\" data-e-type=\"widget\" data-widget_type=\"image.default\">\n\t\t\t\t\t\t\t\t\t\t\t\t\t\t\t\t<a href=\"https:\/\/vytorandradeotorrino.com\/home\/\">\n\t\t\t\t\t\t\t<img fetchpriority=\"high\" decoding=\"async\" width=\"1080\" height=\"1080\" src=\"https:\/\/vytorandradeotorrino.com\/wp-content\/uploads\/2025\/08\/Logo-Vytor-Andrade-Otorrindolaringologia-esquema-3-1.png\" class=\"attachment-full size-full wp-image-20\" alt=\"\" srcset=\"https:\/\/vytorandradeotorrino.com\/wp-content\/uploads\/2025\/08\/Logo-Vytor-Andrade-Otorrindolaringologia-esquema-3-1.png 1080w, https:\/\/vytorandradeotorrino.com\/wp-content\/uploads\/2025\/08\/Logo-Vytor-Andrade-Otorrindolaringologia-esquema-3-1-300x300.png 300w, https:\/\/vytorandradeotorrino.com\/wp-content\/uploads\/2025\/08\/Logo-Vytor-Andrade-Otorrindolaringologia-esquema-3-1-1024x1024.png 1024w, https:\/\/vytorandradeotorrino.com\/wp-content\/uploads\/2025\/08\/Logo-Vytor-Andrade-Otorrindolaringologia-esquema-3-1-150x150.png 150w, https:\/\/vytorandradeotorrino.com\/wp-content\/uploads\/2025\/08\/Logo-Vytor-Andrade-Otorrindolaringologia-esquema-3-1-768x768.png 768w\" sizes=\"(max-width: 1080px) 100vw, 1080px\" \/>\t\t\t\t\t\t\t\t<\/a>\n\t\t\t\t\t\t\t\t\t\t\t\t\t\t\t<\/div>\n\t\t\t\t<div class=\"elementor-element elementor-element-1fef896 elementor-widget elementor-widget-heading\" data-id=\"1fef896\" data-element_type=\"widget\" data-e-type=\"widget\" data-widget_type=\"heading.default\">\n\t\t\t\t\t<h1 class=\"elementor-heading-title elementor-size-default\">Ser\u00e1 um Prazer te Atender!<\/h1>\t\t\t\t<\/div>\n\t\t\t\t<div class=\"elementor-element elementor-element-88b26eb elementor-widget-tablet__width-initial elementor-widget elementor-widget-text-editor\" data-id=\"88b26eb\" data-element_type=\"widget\" data-e-type=\"widget\" data-widget_type=\"text-editor.default\">\n\t\t\t\t\t\t\t\t\t<p>Em alguns segundos voc\u00ea ser\u00e1 redirecionado para o Whatsapp!<\/p>\t\t\t\t\t\t\t\t<\/div>\n\t\t\t\t<div class=\"elementor-element elementor-element-3c3b6ed elementor-widget__width-initial elementor-widget-mobile__width-auto elementor-widget-tablet__width-auto elementor-widget elementor-widget-text-editor\" data-id=\"3c3b6ed\" data-element_type=\"widget\" data-e-type=\"widget\" data-widget_type=\"text-editor.default\">\n\t\t\t\t\t\t\t\t\t<p><b>Dr Vytor Andrade &#8211; (CRM-PI 8091, RQE &#8211; 10203)<\/b><\/p>\t\t\t\t\t\t\t\t<\/div>\n\t\t<div class=\"elementor-element elementor-element-cc5dcab e-con-full e-flex e-con e-child\" data-id=\"cc5dcab\" data-element_type=\"container\" data-e-type=\"container\">\n\t\t\t\t<div class=\"elementor-element elementor-element-4d6bc6d elementor-widget elementor-widget-html\" data-id=\"4d6bc6d\" data-element_type=\"widget\" data-e-type=\"widget\" data-widget_type=\"html.default\">\n\t\t\t\t\t<head>\n    <meta charset=\"UTF-8\">\n    <meta name=\"viewport\" content=\"width=device-width, initial-scale=1.0\">\n    <title>Redirecionamento<\/title>\n    <script>\n        function redirect() {\n            setTimeout(function() {\n                window.location.href = 'https:\/\/wa.link\/qh8jre';\n            }, 1000); \/\/ Atraso de 1 segundo\n        }\n    <\/script>\n<\/head>\n<body onload=\"redirect()\">\n    <p>Voc\u00ea ser\u00e1 redirecionado em breve...<\/p>\n<\/body>\n\t\t\t\t<\/div>\n\t\t\t\t<\/div>\n\t\t\t\t<\/div>\n\t\t<div class=\"elementor-element elementor-element-106e0d6 e-con-full e-flex e-con e-child\" data-id=\"106e0d6\" data-element_type=\"container\" data-e-type=\"container\">\n\t\t\t\t<div class=\"elementor-element elementor-element-08472e4 elementor-widget elementor-widget-image\" data-id=\"08472e4\" data-element_type=\"widget\" data-e-type=\"widget\" data-widget_type=\"image.default\">\n\t\t\t\t\t\t\t\t\t\t\t\t\t\t\t<img decoding=\"async\" width=\"964\" height=\"1280\" src=\"https:\/\/vytorandradeotorrino.com\/wp-content\/uploads\/2025\/08\/Otorrino_em_picos.jpeg\" class=\"attachment-full size-full wp-image-21\" alt=\"\" srcset=\"https:\/\/vytorandradeotorrino.com\/wp-content\/uploads\/2025\/08\/Otorrino_em_picos.jpeg 964w, https:\/\/vytorandradeotorrino.com\/wp-content\/uploads\/2025\/08\/Otorrino_em_picos-226x300.jpeg 226w, https:\/\/vytorandradeotorrino.com\/wp-content\/uploads\/2025\/08\/Otorrino_em_picos-771x1024.jpeg 771w, https:\/\/vytorandradeotorrino.com\/wp-content\/uploads\/2025\/08\/Otorrino_em_picos-768x1020.jpeg 768w\" sizes=\"(max-width: 964px) 100vw, 964px\" \/>\t\t\t\t\t\t\t\t\t\t\t\t\t\t\t<\/div>\n\t\t\t\t<\/div>\n\t\t\t\t\t<\/div>\n\t\t\t\t<\/div>\n\t\t\t\t\t<\/div>\n\t\t\t\t<\/div>\n\t\t\t\t<\/div>\n\t\t","protected":false},"excerpt":{"rendered":"<p>Ser\u00e1 um Prazer te Atender! Em alguns segundos voc\u00ea ser\u00e1 redirecionado para o Whatsapp! Dr Vytor Andrade &#8211; (CRM-PI 8091, RQE &#8211; 10203) Redirecionamento Voc\u00ea ser\u00e1 redirecionado em breve&#8230;<\/p>\n","protected":false},"author":1,"featured_media":0,"parent":0,"menu_order":0,"comment_status":"closed","ping_status":"closed","template":"elementor_canvas","meta":{"footnotes":""},"class_list":["post-100","page","type-page","status-publish","hentry"],"_links":{"self":[{"href":"https:\/\/vytorandradeotorrino.com\/home\/wp-json\/wp\/v2\/pages\/100","targetHints":{"allow":["GET"]}}],"collection":[{"href":"https:\/\/vytorandradeotorrino.com\/home\/wp-json\/wp\/v2\/pages"}],"about":[{"href":"https:\/\/vytorandradeotorrino.com\/home\/wp-json\/wp\/v2\/types\/page"}],"author":[{"embeddable":true,"href":"https:\/\/vytorandradeotorrino.com\/home\/wp-json\/wp\/v2\/users\/1"}],"replies":[{"embeddable":true,"href":"https:\/\/vytorandradeotorrino.com\/home\/wp-json\/wp\/v2\/comments?post=100"}],"version-history":[{"count":16,"href":"https:\/\/vytorandradeotorrino.com\/home\/wp-json\/wp\/v2\/pages\/100\/revisions"}],"predecessor-version":[{"id":368,"href":"https:\/\/vytorandradeotorrino.com\/home\/wp-json\/wp\/v2\/pages\/100\/revisions\/368"}],"wp:attachment":[{"href":"https:\/\/vytorandradeotorrino.com\/home\/wp-json\/wp\/v2\/media?parent=100"}],"curies":[{"name":"wp","href":"https:\/\/api.w.org\/{rel}","templated":true}]}}